{"id":16,"date":"2025-12-30T10:45:18","date_gmt":"2025-12-30T10:45:18","guid":{"rendered":"http:\/\/ewsthbn.cluster100.hosting.ovh.net\/?page_id=16"},"modified":"2026-01-22T15:14:01","modified_gmt":"2026-01-22T15:14:01","slug":"accueil","status":"publish","type":"page","link":"https:\/\/www.laleude.fr\/","title":{"rendered":"Accueil"},"content":{"rendered":"\n<div class=\"wp-block-uagb-container uagb-layout-flex uagb-block-6fbc504b alignfull uagb-is-root-container\"><div class=\"uagb-container-inner-blocks-wrap\">\n<div class=\"wp-block-uagb-container uagb-block-54e7ba6a\">\n<div class=\"wp-block-uagb-advanced-heading uagb-block-d8cc896e\"><h1 class=\"uagb-heading-text\">G\u00eete et chambres d\u2019h\u00f4tes \u00e0 Capendu<\/h1><\/div>\n\n\n\n<div class=\"wp-block-uagb-advanced-heading uagb-block-1eeba48c\"><h2 class=\"uagb-heading-text\">Entre Carcassonne et Narbonne, s\u00e9journez dans un g\u00eete et des chambres d\u2019h\u00f4tes tout confort au c\u0153ur du Pays Cathare.<\/h2><\/div>\n\n\n\n<div class=\"wp-block-buttons is-layout-flex wp-block-buttons-is-layout-flex\">\n<div class=\"wp-block-button\"><a class=\"wp-block-button__link has-text-color has-background has-link-color wp-element-button\" href=\"https:\/\/www.laleude.fr\/index.php\/contact\/\" style=\"color:#1f1f1f;background-color:#e8b04a\">Nous contacter<\/a><\/div>\n<\/div>\n<\/div>\n<\/div><\/div>\n\n\n\n<div class=\"wp-block-uagb-container uagb-block-5665fdc1 alignfull uagb-is-root-container\"><div class=\"uagb-container-inner-blocks-wrap\">\n<div class=\"wp-block-uagb-advanced-heading uagb-block-9ff9048f\"><h2 class=\"uagb-heading-text\">Capendu, entre nature, patrimoine et art de vivre<\/h2><\/div>\n\n\n\n<p>Situ\u00e9 entre Carcassonne et Narbonne, au c\u0153ur de l\u2019Aude \u00e0 proximit\u00e9 du Canal du Midi, Capendu offre un cadre id\u00e9al pour se ressourcer tout en profitant d\u2019une r\u00e9gion riche et vivante. Entour\u00e9 de vignobles, de collines et de paysages typiques du sud, le village s\u00e9duit par son atmosph\u00e8re paisible, propice au repos et \u00e0 la d\u00e9connexion.<\/p>\n\n\n\n<p style=\"padding-top:0;padding-bottom:0\">Les amateurs de d\u00e9couvertes ne sont pas en reste : randonn\u00e9es, balades \u00e0 v\u00e9lo, visites de ch\u00e2teaux cathares, d\u00e9gustations de vins, march\u00e9s locaux, baignades, activit\u00e9s sportives ou culturelles\u2026<br>Id\u00e9alement situ\u00e9 entre la M\u00e9diterran\u00e9e et les premiers reliefs des Pyr\u00e9n\u00e9es, Capendu permet de varier les plaisirs entre mer et montagne, le temps d\u2019un s\u00e9jour.<br>Que vous recherchiez le calme, l\u2019authenticit\u00e9 ou des vacances actives, le village est un point de d\u00e9part id\u00e9al pour explorer l\u2019Aude et le Pays cathare.<\/p>\n<\/div><\/div>\n\n\n\n<div class=\"wp-block-uagb-container uagb-block-080058c1 alignfull uagb-is-root-container\"><div class=\"uagb-container-inner-blocks-wrap\">\n<div class=\"wp-block-uagb-container uagb-block-cd76b927\">\n<div class=\"wp-block-uagb-advanced-heading uagb-block-f8d6cb02\"><h3 class=\"uagb-heading-text\"><strong>Le g\u00eete La Leude<\/strong><\/h3><\/div>\n\n\n\n<p>Le g\u00eete La Leude vous accueille dans un cadre verdoyant, id\u00e9al pour des s\u00e9jours en famille ou entre amis. Spacieux et confortable, il offre tout le n\u00e9cessaire pour profiter pleinement de vos vacances dans l\u2019Aude, entre d\u00e9tente, nature et d\u00e9couvertes.<\/p>\n\n\n\n<p>Pens\u00e9 comme un v\u00e9ritable lieu de vie, le g\u00eete combine ind\u00e9pendance, convivialit\u00e9 et \u00e9quipements modernes, pour un s\u00e9jour en toute libert\u00e9 au c\u0153ur du Pays cathare.<\/p>\n\n\n\n<ul class=\"wp-block-list\">\n<li>Capacit\u00e9 adapt\u00e9e aux s\u00e9jours en famille ou entre amis<\/li>\n\n\n\n<li>Espaces int\u00e9rieurs confortables et bien \u00e9quip\u00e9s<\/li>\n\n\n\n<li>Acc\u00e8s \u00e0 un environnement naturel et paisible<\/li>\n\n\n\n<li>Situation id\u00e9ale pour explorer l\u2019Aude et le Pays cathare<\/li>\n<\/ul>\n\n\n\n<div class=\"wp-block-buttons is-layout-flex wp-block-buttons-is-layout-flex\">\n<div class=\"wp-block-button\"><a class=\"wp-block-button__link wp-element-button\" href=\"https:\/\/www.laleude.fr\/index.php\/le-gite\/\">D\u00e9couvrir le g\u00eete<\/a><\/div>\n<\/div>\n<\/div>\n\n\n\n<div class=\"wp-block-uagb-container uagb-block-53e19554\"><\/div>\n<\/div><\/div>\n\n\n\n<div class=\"wp-block-uagb-container uagb-block-f9884f79 alignfull uagb-is-root-container\"><div class=\"uagb-container-inner-blocks-wrap\">\n<div class=\"wp-block-uagb-container uagb-block-b17142b2\"><\/div>\n\n\n\n<div class=\"wp-block-uagb-container uagb-block-2e55ad3c\">\n<div class=\"wp-block-uagb-advanced-heading uagb-block-5905bc03\"><h3 class=\"uagb-heading-text\">Les chambres d&rsquo;h\u00f4tes<\/h3><\/div>\n\n\n\n<p>Les chambres d\u2019h\u00f4tes de La Leude offrent une atmosph\u00e8re chaleureuse et reposante, id\u00e9ale pour une escapade en couple, une halte sur la route des vacances ou un s\u00e9jour tout en douceur dans l\u2019Aude.<\/p>\n\n\n\n<p>Chaque chambre a \u00e9t\u00e9 pens\u00e9e pour conjuguer confort, intimit\u00e9 et s\u00e9r\u00e9nit\u00e9, dans un cadre naturel propice au repos. Le matin, un petit-d\u00e9jeuner gourmand vous permet de d\u00e9marrer la journ\u00e9e en douceur avant de partir \u00e0 la d\u00e9couverte de la r\u00e9gion.<\/p>\n\n\n\n<ul class=\"wp-block-list\">\n<li>Chambres confortables et d\u00e9cor\u00e9es avec soin<\/li>\n\n\n\n<li>Salle d\u2019eau privative<\/li>\n\n\n\n<li>Petit-d\u00e9jeuner inclus<\/li>\n\n\n\n<li>Acc\u00e8s au jardin et aux espaces ext\u00e9rieurs<\/li>\n\n\n\n<li>Environnement calme, entre vignes et collines<\/li>\n<\/ul>\n\n\n\n<div class=\"wp-block-buttons is-layout-flex wp-block-buttons-is-layout-flex\">\n<div class=\"wp-block-button\"><a class=\"wp-block-button__link wp-element-button\" href=\"https:\/\/www.laleude.fr\/index.php\/les-chambres-dhotes\/\">D\u00e9couvrir les chambres<\/a><\/div>\n<\/div>\n<\/div>\n<\/div><\/div>\n\n\n\n<div class=\"wp-block-uagb-container uagb-block-b9641365 alignfull uagb-is-root-container\"><div class=\"uagb-container-inner-blocks-wrap\">\n<div class=\"wp-block-uagb-advanced-heading uagb-block-eee2277c\"><h2 class=\"uagb-heading-text\">Ils ont s\u00e9journ\u00e9 \u00e0 La Leude \u2600\ufe0f<\/h2><\/div>\n\n\n\n<div class=\"wp-block-uagb-slider uagb-block-2f3a5afd uagb-slider-container\"><div class=\"uagb-slides uagb-swiper\"><div class=\"swiper-wrapper\">\n<div class=\"wp-block-uagb-slider-child uagb-slider-child-wrap swiper-slide uagb-block-653d0250\"><div class=\"swiper-content\">\n<div class=\"wp-block-uagb-container uagb-block-fa67bfba\">\n<div class=\"wp-block-uagb-info-box uagb-block-b47317be uagb-infobox__content-wrap  uagb-infobox-icon-above-title uagb-infobox-image-valign-top\"><div class=\"uagb-ifb-content\"><div class=\"uagb-ifb-title-wrap\"><h3 class=\"uagb-ifb-title\">\u00ab Un s\u00e9jour parfait et un accueil exceptionnel \u00bb<br><\/h3><\/div><p class=\"uagb-ifb-desc\">\u00ab\u00a0Nous avons pass\u00e9 un excellent s\u00e9jour dans cet endroit, o\u00f9 nous avons \u00e9t\u00e9 particuli\u00e8rement bien accueillis.<br>L\u2019h\u00f4tesse est tr\u00e8s charmante, d\u00e9sireuse de donner des conseils, et le lieu est tr\u00e8s agr\u00e9able.<br>Tout ce dont nous avions besoin \u00e9tait sur place, et l\u2019environnement g\u00e9ographique est tr\u00e8s pratique car les commerces sont tr\u00e8s proches.\u00a0\u00bb<br><br><em>\u00c9milie &#8211; Ao\u00fbt 202<\/em>5<\/p><\/div><\/div>\n<\/div>\n<\/div><\/div>\n\n\n\n<div class=\"wp-block-uagb-slider-child uagb-slider-child-wrap swiper-slide uagb-block-f1fab7e8\"><div class=\"swiper-content\">\n<div class=\"wp-block-uagb-container uagb-block-aaee8e9f\">\n<div class=\"wp-block-uagb-info-box uagb-block-67c40843 uagb-infobox__content-wrap  uagb-infobox-icon-above-title uagb-infobox-image-valign-top\"><div class=\"uagb-ifb-content\"><div class=\"uagb-ifb-title-wrap\"><h3 class=\"uagb-ifb-title\">\u00ab Confort moderne et atmosph\u00e8re chaleureuse \u00bb<br><\/h3><\/div><p class=\"uagb-ifb-desc\">\u00ab\u00a0Nous avons pass\u00e9 quelques jours dans le g\u00eete. Que dire ?<br>Logement spacieux et fonctionnel, lave-vaisselle et machine \u00e0 laver, air conditionn\u00e9 : bref, tout le confort d\u2019une vie moderne.<br>Terrasse agr\u00e9able et, malgr\u00e9 le passage des voitures sur la route, nous avons appr\u00e9ci\u00e9 le calme.<br>Les nouvelles chambres d\u2019h\u00f4tes sont tr\u00e8s bien am\u00e9nag\u00e9es, sans parler de la pi\u00e8ce commune conviviale.<br>Th\u00e9r\u00e8se est une h\u00f4tesse agr\u00e9able, accueillante, serviable, qui met tout le monde \u00e0 l\u2019aise.<br>Nous recommandons sans h\u00e9siter.\u00a0\u00bb<br><br><em>Erika &#8211; Juillet 2023<\/em><\/p><\/div><\/div>\n<\/div>\n<\/div><\/div>\n\n\n\n<div class=\"wp-block-uagb-slider-child uagb-slider-child-wrap swiper-slide uagb-block-2faf9e80\"><div class=\"swiper-content\">\n<div class=\"wp-block-uagb-container uagb-block-c9d93412\">\n<div class=\"wp-block-uagb-info-box uagb-block-d55dd80e uagb-infobox__content-wrap  uagb-infobox-icon-above-title uagb-infobox-image-valign-top\"><div class=\"uagb-ifb-content\"><div class=\"uagb-ifb-title-wrap\"><h3 class=\"uagb-ifb-title\">\u00ab Une adresse id\u00e9ale pour d\u00e9couvrir la r\u00e9gion \u00bb<br><\/h3><\/div><p class=\"uagb-ifb-desc\">\u00ab\u00a0Une propri\u00e9taire charmante, disponible m\u00eame \u00e0 des horaires improbables.<br>Tr\u00e8s bons conseils pour les visites de la r\u00e9gion.<br>Merci encore Th\u00e9r\u00e8se pour nous avoir accueillis dans un contexte compliqu\u00e9.\u00a0\u00bb<br><br><em>Julie &#8211; Ao\u00fbt 2022<\/em><\/p><\/div><\/div>\n<\/div>\n<\/div><\/div>\n\n\n\n<div class=\"wp-block-uagb-slider-child uagb-slider-child-wrap swiper-slide uagb-block-823d1ba4\"><div class=\"swiper-content\">\n<div class=\"wp-block-uagb-container uagb-block-5109b1b5\">\n<div class=\"wp-block-uagb-info-box uagb-block-fbcd3435 uagb-infobox__content-wrap  uagb-infobox-icon-above-title uagb-infobox-image-valign-top\"><div class=\"uagb-ifb-content\"><div class=\"uagb-ifb-title-wrap\"><h3 class=\"uagb-ifb-title\">\u00ab Un moment formidable, tout \u00e9tait parfait \u00bb<br><\/h3><\/div><p class=\"uagb-ifb-desc\">\u00ab\u00a0Nous avons pass\u00e9 un magnifique moment dans la chambre d\u2019h\u00f4tes :<br>l\u2019accueil, la chambre, le petit-d\u00e9jeuner, la grande pi\u00e8ce am\u00e9nag\u00e9e\u2026 tout \u00e9tait parfait.<br>L\u2019\u00e9change avec Th\u00e9r\u00e8se a \u00e9t\u00e9 un vrai plus : toujours aux petits soins, gentille et cultiv\u00e9e.<br>Nous reviendrons sans h\u00e9siter.\u00a0\u00bb<br><br><em>Ludo &amp; H\u00e9l\u00e8ne &#8211; Avril 2025<\/em><\/p><\/div><\/div>\n<\/div>\n<\/div><\/div>\n\n\n\n<div class=\"wp-block-uagb-slider-child uagb-slider-child-wrap swiper-slide uagb-block-122ac0df\"><div class=\"swiper-content\">\n<div class=\"wp-block-uagb-container uagb-block-38766fa3\">\n<div class=\"wp-block-uagb-info-box uagb-block-3a9d1c10 uagb-infobox__content-wrap  uagb-infobox-icon-above-title uagb-infobox-image-valign-top\"><div class=\"uagb-ifb-content\"><div class=\"uagb-ifb-title-wrap\"><h3 class=\"uagb-ifb-title\">\u00ab Calme, confort et excellent rapport qualit\u00e9-prix \u00bb<br><\/h3><\/div><p class=\"uagb-ifb-desc\">\u00ab\u00a0Accueil tr\u00e8s chaleureux, chambre confortable et silencieuse, excellent rapport qualit\u00e9-prix.<br>Nous recommandons vivement.\u00a0\u00bb<br><br><em>Fran\u00e7ois &amp; Marie-Claire &#8211; Janvier 2025<\/em><\/p><\/div><\/div>\n<\/div>\n<\/div><\/div>\n<\/div><\/div><div class=\"swiper-pagination\"><\/div><div class=\"swiper-button-prev\"><\/div><div class=\"swiper-button-next\"><\/div><\/div>\n<\/div><\/div>\n\n\n\n<div class=\"wp-block-uagb-container uagb-block-fc1e91cf alignfull uagb-is-root-container\"><div class=\"uagb-container-inner-blocks-wrap\">\n<div class=\"wp-block-uagb-container uagb-block-4d361e8b\">\n<div class=\"wp-block-uagb-advanced-heading uagb-block-ec1b991e\"><h2 class=\"uagb-heading-text\">Envie de s\u00e9journer \u00e0 La Leude ?<\/h2><\/div>\n\n\n\n<div class=\"wp-block-uagb-advanced-heading uagb-block-7e6d0197\"><h3 class=\"uagb-heading-text\">Une question, une demande de disponibilit\u00e9 ou un projet de s\u00e9jour ? Th\u00e9r\u00e8se vous r\u00e9pond avec plaisir.<\/h3><\/div>\n\n\n\n<p>Que ce soit pour un s\u00e9jour au g\u00eete ou en chambre d\u2019h\u00f4tes,<br>n\u2019h\u00e9sitez pas \u00e0 nous contacter pour toute question.<\/p>\n\n\n\n<p>Nous vous r\u00e9pondons rapidement pour vous aider \u00e0 organiser votre s\u00e9jour,<br>vous conseiller sur la r\u00e9gion ou v\u00e9rifier les disponibilit\u00e9s.<\/p>\n\n\n\n<p>\ud83d\udccd Capendu \u2013 entre Carcassonne et Narbonne<br>\ud83d\udcc5 S\u00e9jours toute l\u2019ann\u00e9e, selon disponibilit\u00e9s<\/p>\n<\/div>\n\n\n\n<div class=\"wp-block-uagb-container uagb-block-368cd9ff\">\n<div class=\"wp-block-uagb-forms uagb-forms__outer-wrap uagb-block-5ac6d974 uagb-forms__medium-btn\"><form class=\"uagb-forms-main-form\" method=\"post\" autocomplete=\"on\" name=\"uagb-form-5ac6d974\">\n<div class=\"wp-block-uagb-forms-name uagb-forms-name-wrap uagb-forms-field-set uagb-block-c53e572b\"><div class=\"uagb-forms-name-label required uagb-forms-input-label\" id=\"c53e572b\">Pr\u00e9nom<\/div><input type=\"text\" placeholder=\"Jean\" required class=\"uagb-forms-name-input uagb-forms-input\" name=\"c53e572b\" autocomplete=\"given-name\"\/><\/div>\n\n\n\n<div class=\"wp-block-uagb-forms-name uagb-forms-name-wrap uagb-forms-field-set uagb-block-163cae5d\"><div class=\"uagb-forms-name-label required uagb-forms-input-label\" id=\"163cae5d\">Nom<\/div><input type=\"text\" placeholder=\"Rochefort\" required class=\"uagb-forms-name-input uagb-forms-input\" name=\"163cae5d\" autocomplete=\"family-name\"\/><\/div>\n\n\n\n<div class=\"wp-block-uagb-forms-email uagb-forms-email-wrap uagb-forms-field-set uagb-block-b9577ee7\"><div class=\"uagb-forms-email-label required uagb-forms-input-label\" id=\"b9577ee7\">Email<\/div><input type=\"email\" class=\"uagb-forms-email-input uagb-forms-input\" placeholder=\"exemple@mail.fr\" required name=\"b9577ee7\" autocomplete=\"email\"\/><\/div>\n\n\n\n<div class=\"wp-block-uagb-forms-textarea uagb-forms-textarea-wrap uagb-forms-field-set uagb-block-c0d3467e\"><div class=\"uagb-forms-textarea-label required uagb-forms-input-label\" id=\"c0d3467e\">Message<\/div><textarea required class=\"uagb-forms-textarea-input uagb-forms-input\" rows=\"4\" placeholder=\"Ecrivez-nous... \" name=\"c0d3467e\" autocomplete=\"off\"><\/textarea><\/div>\n<div class=\"uagb-forms-form-hidden-data\"><input type=\"hidden\" id=\"g-recaptcha-response\" class=\"uagb-forms-recaptcha\"\/><input type=\"hidden\" class=\"uagb_forms_form_label\" value=\"Spectra Form\"\/><input type=\"hidden\" class=\"uagb_forms_form_id\" value=\"uagb-form-5ac6d974\"\/><\/div><div class=\"uagb-form-reacaptcha-error-5ac6d974\"><\/div><div class=\"uagb-forms-main-submit-button-wrap wp-block-button\"><button class=\"uagb-forms-main-submit-button wp-block-button__link\"><div class=\"uagb-forms-main-submit-button-text\">Envoyer<\/div><\/button><\/div><\/form><div class=\"uagb-forms-success-message-5ac6d974 uagb-forms-submit-message-hide\"><span>Votre message a bien \u00e9t\u00e9 envoy\u00e9. \nTh\u00e9r\u00e8se vous r\u00e9pondra dans les meilleurs d\u00e9lais. \nA tr\u00e8s bient\u00f4t ! <\/span><\/div><div class=\"uagb-forms-failed-message-5ac6d974 uagb-forms-submit-message-hide\"><span>Oops&#8230; il y a eu une erreur lors de l&rsquo;envoie du message.\nVeuillez r\u00e9essayer. <\/span><\/div><\/div>\n<\/div>\n<\/div><\/div>\n\n\n\n<div class=\"wp-block-uagb-container uagb-block-4e331df9 alignfull uagb-is-root-container\"><div class=\"uagb-container-inner-blocks-wrap\">\n<div class=\"wp-block-group is-nowrap is-layout-flex wp-container-core-group-is-layout-6c531013 wp-block-group-is-layout-flex\">\n<div class=\"wp-block-uagb-container uagb-block-9bff88fb\">\n<iframe \n  src=\"https:\/\/www.google.com\/maps\/embed?pb=!1m18!1m12!1m3!1d2909.056101717784!2d2.554582877491928!3d43.18733367112819!2m3!1f0!2f0!3f0!3m2!1i1024!2i768!4f13.1!3m3!1m2!1s0x12b1d39faa9d135f%3A0x77c8fb64295faabf!2sLa%20Leude!5e0!3m2!1sfr!2sfr!4v1767109882397!5m2!1sfr!2sfr\"\n  width=\"100%\"\n  height=\"380\"\n  style=\"border:0; border-radius:12px;\"\n  allowfullscreen\n  loading=\"lazy\"\n  referrerpolicy=\"no-referrer-when-downgrade\">\n<\/iframe>\n<\/div>\n\n\n\n<div class=\"wp-block-uagb-container uagb-block-04392200\">\n<div class=\"wp-block-uagb-advanced-heading uagb-block-0a60c90e\"><h2 class=\"uagb-heading-text\">Laleude, au coeur de l&rsquo;Aude<\/h2><\/div>\n\n\n\n<p>Situ\u00e9e \u00e0 Capendu, entre Carcassonne et Narbonne,<br>La Leude b\u00e9n\u00e9ficie d\u2019un emplacement id\u00e9al pour d\u00e9couvrir l\u2019Aude,<br>le Pays cathare et la M\u00e9diterran\u00e9e.<\/p>\n\n\n\n<ul class=\"wp-block-list\">\n<li>En voiture : axe Carcassonne \u2013 Narbonne<\/li>\n\n\n\n<li>\u00c0 20 min de Carcassonne<\/li>\n\n\n\n<li>\u00c0 30 min de Narbonne<\/li>\n\n\n\n<li>Vignobles, ch\u00e2teaux cathares, randonn\u00e9es \u00e0 proximit\u00e9<\/li>\n<\/ul>\n<\/div>\n<\/div>\n<\/div><\/div>\n","protected":false},"excerpt":{"rendered":"<p>G\u00eete et chambres d\u2019h\u00f4tes \u00e0 Capendu Entre Carcassonne et Narbonne, s\u00e9journez dans un g\u00eete et des chambres d\u2019h\u00f4tes tout confort [&hellip;]<\/p>\n","protected":false},"author":2,"featured_media":0,"parent":0,"menu_order":0,"comment_status":"closed","ping_status":"closed","template":"","meta":{"_uag_custom_page_level_css":"","site-sidebar-layout":"default","site-content-layout":"","ast-site-content-layout":"default","site-content-style":"unboxed","site-sidebar-style":"unboxed","ast-global-header-display":"","ast-banner-title-visibility":"disabled","ast-main-header-display":"","ast-hfb-above-header-display":"","ast-hfb-below-header-display":"","ast-hfb-mobile-header-display":"","site-post-title":"disabled","ast-breadcrumbs-content":"","ast-featured-img":"","footer-sml-layout":"","ast-disable-related-posts":"","theme-transparent-header-meta":"","adv-header-id-meta":"","stick-header-meta":"","header-above-stick-meta":"","header-main-stick-meta":"","header-below-stick-meta":"","astra-migrate-meta-layouts":"default","ast-page-background-enabled":"default","ast-page-background-meta":{"desktop":{"background-color":"var(--ast-global-color-5)","background-image":"","background-repeat":"repeat","background-position":"center center","background-size":"auto","background-attachment":"scroll","background-type":"","background-media":"","overlay-type":"","overlay-color":"","overlay-opacity":"","overlay-gradient":""},"tablet":{"background-color":"","background-image":"","background-repeat":"repeat","background-position":"center center","background-size":"auto","background-attachment":"scroll","background-type":"","background-media":"","overlay-type":"","overlay-color":"","overlay-opacity":"","overlay-gradient":""},"mobile":{"background-color":"","background-image":"","background-repeat":"repeat","background-position":"center center","background-size":"auto","background-attachment":"scroll","background-type":"","background-media":"","overlay-type":"","overlay-color":"","overlay-opacity":"","overlay-gradient":""}},"ast-content-background-meta":{"desktop":{"background-color":"var(--ast-global-color-4)","background-image":"","background-repeat":"repeat","background-position":"center center","background-size":"auto","background-attachment":"scroll","background-type":"","background-media":"","overlay-type":"","overlay-color":"","overlay-opacity":"","overlay-gradient":""},"tablet":{"background-color":"var(--ast-global-color-4)","background-image":"","background-repeat":"repeat","background-position":"center center","background-size":"auto","background-attachment":"scroll","background-type":"","background-media":"","overlay-type":"","overlay-color":"","overlay-opacity":"","overlay-gradient":""},"mobile":{"background-color":"var(--ast-global-color-4)","background-image":"","background-repeat":"repeat","background-position":"center center","background-size":"auto","background-attachment":"scroll","background-type":"","background-media":"","overlay-type":"","overlay-color":"","overlay-opacity":"","overlay-gradient":""}},"footnotes":""},"class_list":["post-16","page","type-page","status-publish","hentry"],"uagb_featured_image_src":{"full":false,"thumbnail":false,"medium":false,"medium_large":false,"large":false,"1536x1536":false,"2048x2048":false},"uagb_author_info":{"display_name":"Jean-S\u00e9bastien BOURDON","author_link":"https:\/\/www.laleude.fr\/index.php\/author\/bourdon\/"},"uagb_comment_info":0,"uagb_excerpt":"G\u00eete et chambres d\u2019h\u00f4tes \u00e0 Capendu Entre Carcassonne et Narbonne, s\u00e9journez dans un g\u00eete et des chambres d\u2019h\u00f4tes tout confort [&hellip;]","_links":{"self":[{"href":"https:\/\/www.laleude.fr\/index.php\/wp-json\/wp\/v2\/pages\/16","targetHints":{"allow":["GET"]}}],"collection":[{"href":"https:\/\/www.laleude.fr\/index.php\/wp-json\/wp\/v2\/pages"}],"about":[{"href":"https:\/\/www.laleude.fr\/index.php\/wp-json\/wp\/v2\/types\/page"}],"author":[{"embeddable":true,"href":"https:\/\/www.laleude.fr\/index.php\/wp-json\/wp\/v2\/users\/2"}],"replies":[{"embeddable":true,"href":"https:\/\/www.laleude.fr\/index.php\/wp-json\/wp\/v2\/comments?post=16"}],"version-history":[{"count":87,"href":"https:\/\/www.laleude.fr\/index.php\/wp-json\/wp\/v2\/pages\/16\/revisions"}],"predecessor-version":[{"id":294,"href":"https:\/\/www.laleude.fr\/index.php\/wp-json\/wp\/v2\/pages\/16\/revisions\/294"}],"wp:attachment":[{"href":"https:\/\/www.laleude.fr\/index.php\/wp-json\/wp\/v2\/media?parent=16"}],"curies":[{"name":"wp","href":"https:\/\/api.w.org\/{rel}","templated":true}]}}