{"id":142,"date":"2025-12-31T14:55:17","date_gmt":"2025-12-31T14:55:17","guid":{"rendered":"http:\/\/ewsthbn.cluster100.hosting.ovh.net\/?page_id=142"},"modified":"2026-01-22T15:14:28","modified_gmt":"2026-01-22T15:14:28","slug":"contact","status":"publish","type":"page","link":"https:\/\/www.laleude.fr\/index.php\/contact\/","title":{"rendered":"Contact"},"content":{"rendered":"\n<div class=\"wp-block-uagb-container uagb-block-63722765 alignfull uagb-is-root-container\"><div class=\"uagb-container-inner-blocks-wrap\">\n<div class=\"wp-block-uagb-container uagb-block-7ea93465\">\n<div class=\"wp-block-uagb-advanced-heading uagb-block-b76baea2\"><h1 class=\"uagb-heading-text\">Contact &amp; demandes de disponibilit\u00e9<\/h1><\/div>\n\n\n\n<div class=\"wp-block-uagb-advanced-heading uagb-block-e390569b\"><h2 class=\"uagb-heading-text\">Une question, une demande de disponibilit\u00e9 ou un projet de s\u00e9jour ?<br>Th\u00e9r\u00e8se vous r\u00e9pond avec plaisir.<\/h2><\/div>\n<\/div>\n<\/div><\/div>\n\n\n\n<div class=\"wp-block-uagb-container uagb-block-9ab8ebc4 alignfull uagb-is-root-container\"><div class=\"uagb-container-inner-blocks-wrap\">\n<div class=\"wp-block-uagb-container uagb-block-70cadbcc\">\n<div class=\"wp-block-uagb-advanced-heading uagb-block-f18b7a76\"><h2 class=\"uagb-heading-text\">Nous contacter<\/h2><\/div>\n\n\n\n<p>Que ce soit pour un s\u00e9jour au g\u00eete ou en chambres d\u2019h\u00f4tes,<br>n\u2019h\u00e9sitez pas \u00e0 nous contacter pour toute question.<\/p>\n\n\n\n<ul class=\"wp-block-list\">\n<li>\ud83d\udccd Capendu \u2013 Aude (11)<\/li>\n\n\n\n<li>\ud83d\udcde +33 6 66 20 83 08<\/li>\n\n\n\n<li>\u2709\ufe0f <a href=\"mailto:therese.lasseel@gmail.com\">therese.lasseel@gmail.com<\/a><\/li>\n\n\n\n<li>\ud83d\udcc5 S\u00e9jours toute l\u2019ann\u00e9e, selon disponibilit\u00e9s<\/li>\n<\/ul>\n<\/div>\n\n\n\n<div class=\"wp-block-uagb-forms uagb-forms__outer-wrap uagb-block-5ac6d974 uagb-forms__medium-btn\"><form class=\"uagb-forms-main-form\" method=\"post\" autocomplete=\"on\" name=\"uagb-form-5ac6d974\">\n<div class=\"wp-block-uagb-forms-name uagb-forms-name-wrap uagb-forms-field-set uagb-block-c53e572b\"><div class=\"uagb-forms-name-label required uagb-forms-input-label\" id=\"c53e572b\">Pr\u00e9nom<\/div><input type=\"text\" placeholder=\"Jean\" required class=\"uagb-forms-name-input uagb-forms-input\" name=\"c53e572b\" autocomplete=\"given-name\"\/><\/div>\n\n\n\n<div class=\"wp-block-uagb-forms-name uagb-forms-name-wrap uagb-forms-field-set uagb-block-163cae5d\"><div class=\"uagb-forms-name-label required uagb-forms-input-label\" id=\"163cae5d\">Nom<\/div><input type=\"text\" placeholder=\"Rochefort\" required class=\"uagb-forms-name-input uagb-forms-input\" name=\"163cae5d\" autocomplete=\"family-name\"\/><\/div>\n\n\n\n<div class=\"wp-block-uagb-forms-email uagb-forms-email-wrap uagb-forms-field-set uagb-block-b9577ee7\"><div class=\"uagb-forms-email-label required uagb-forms-input-label\" id=\"b9577ee7\">Email<\/div><input type=\"email\" class=\"uagb-forms-email-input uagb-forms-input\" placeholder=\"exemple@mail.fr\" required name=\"b9577ee7\" autocomplete=\"email\"\/><\/div>\n\n\n\n<div class=\"wp-block-uagb-forms-textarea uagb-forms-textarea-wrap uagb-forms-field-set uagb-block-c0d3467e\"><div class=\"uagb-forms-textarea-label required uagb-forms-input-label\" id=\"c0d3467e\">Message<\/div><textarea required class=\"uagb-forms-textarea-input uagb-forms-input\" rows=\"4\" placeholder=\"Ecrivez-nous... \" name=\"c0d3467e\" autocomplete=\"off\"><\/textarea><\/div>\n<div class=\"uagb-forms-form-hidden-data\"><input type=\"hidden\" id=\"g-recaptcha-response\" class=\"uagb-forms-recaptcha\"\/><input type=\"hidden\" class=\"uagb_forms_form_label\" value=\"Spectra Form\"\/><input type=\"hidden\" class=\"uagb_forms_form_id\" value=\"uagb-form-5ac6d974\"\/><\/div><div class=\"uagb-form-reacaptcha-error-5ac6d974\"><\/div><div class=\"uagb-forms-main-submit-button-wrap wp-block-button\"><button class=\"uagb-forms-main-submit-button wp-block-button__link\"><div class=\"uagb-forms-main-submit-button-text\">Envoyer<\/div><\/button><\/div><\/form><div class=\"uagb-forms-success-message-5ac6d974 uagb-forms-submit-message-hide\"><span>Votre message a bien \u00e9t\u00e9 envoy\u00e9. \nTh\u00e9r\u00e8se vous r\u00e9pondra dans les meilleurs d\u00e9lais. \nA tr\u00e8s bient\u00f4t ! <\/span><\/div><div class=\"uagb-forms-failed-message-5ac6d974 uagb-forms-submit-message-hide\"><span>Oops&#8230; il y a eu une erreur lors de l&rsquo;envoie du message.\nVeuillez r\u00e9essayer. <\/span><\/div><\/div>\n<\/div><\/div>\n\n\n\n<div class=\"wp-block-uagb-container uagb-block-4e331df9 alignfull uagb-is-root-container\"><div class=\"uagb-container-inner-blocks-wrap\">\n<div class=\"wp-block-group is-nowrap is-layout-flex wp-container-core-group-is-layout-6c531013 wp-block-group-is-layout-flex\">\n<div class=\"wp-block-uagb-container uagb-block-9bff88fb\">\n<iframe \n  src=\"https:\/\/www.google.com\/maps\/embed?pb=!1m18!1m12!1m3!1d2909.056101717784!2d2.554582877491928!3d43.18733367112819!2m3!1f0!2f0!3f0!3m2!1i1024!2i768!4f13.1!3m3!1m2!1s0x12b1d39faa9d135f%3A0x77c8fb64295faabf!2sLa%20Leude!5e0!3m2!1sfr!2sfr!4v1767109882397!5m2!1sfr!2sfr\"\n  width=\"100%\"\n  height=\"380\"\n  style=\"border:0; border-radius:12px;\"\n  allowfullscreen\n  loading=\"lazy\"\n  referrerpolicy=\"no-referrer-when-downgrade\">\n<\/iframe>\n<\/div>\n\n\n\n<div class=\"wp-block-uagb-container uagb-block-04392200\">\n<div class=\"wp-block-uagb-advanced-heading uagb-block-0a60c90e\"><h2 class=\"uagb-heading-text\">Laleude, au coeur de l&rsquo;Aude<\/h2><\/div>\n\n\n\n<p>Situ\u00e9e \u00e0 Capendu, entre Carcassonne et Narbonne,<br>La Leude b\u00e9n\u00e9ficie d\u2019un emplacement id\u00e9al pour d\u00e9couvrir l\u2019Aude,<br>le Pays cathare et la M\u00e9diterran\u00e9e.<\/p>\n\n\n\n<ul class=\"wp-block-list\">\n<li>En voiture : axe Carcassonne \u2013 Narbonne<\/li>\n\n\n\n<li>\u00c0 20 min de Carcassonne<\/li>\n\n\n\n<li>\u00c0 30 min de Narbonne<\/li>\n\n\n\n<li>Vignobles, ch\u00e2teaux cathares, randonn\u00e9es \u00e0 proximit\u00e9<\/li>\n<\/ul>\n<\/div>\n<\/div>\n<\/div><\/div>\n","protected":false},"excerpt":{"rendered":"<p>Contact &amp; demandes de disponibilit\u00e9 Une question, une demande de disponibilit\u00e9 ou un projet de s\u00e9jour ?Th\u00e9r\u00e8se vous r\u00e9pond avec [&hellip;]<\/p>\n","protected":false},"author":2,"featured_media":0,"parent":0,"menu_order":3,"comment_status":"closed","ping_status":"closed","template":"","meta":{"_uag_custom_page_level_css":"","site-sidebar-layout":"default","site-content-layout":"","ast-site-content-layout":"default","site-content-style":"default","site-sidebar-style":"default","ast-global-header-display":"","ast-banner-title-visibility":"disabled","ast-main-header-display":"","ast-hfb-above-header-display":"","ast-hfb-below-header-display":"","ast-hfb-mobile-header-display":"","site-post-title":"disabled","ast-breadcrumbs-content":"","ast-featured-img":"","footer-sml-layout":"","ast-disable-related-posts":"","theme-transparent-header-meta":"","adv-header-id-meta":"","stick-header-meta":"","header-above-stick-meta":"","header-main-stick-meta":"","header-below-stick-meta":"","astra-migrate-meta-layouts":"default","ast-page-background-enabled":"default","ast-page-background-meta":{"desktop":{"background-color":"var(--ast-global-color-5)","background-image":"","background-repeat":"repeat","background-position":"center center","background-size":"auto","background-attachment":"scroll","background-type":"","background-media":"","overlay-type":"","overlay-color":"","overlay-opacity":"","overlay-gradient":""},"tablet":{"background-color":"","background-image":"","background-repeat":"repeat","background-position":"center center","background-size":"auto","background-attachment":"scroll","background-type":"","background-media":"","overlay-type":"","overlay-color":"","overlay-opacity":"","overlay-gradient":""},"mobile":{"background-color":"","background-image":"","background-repeat":"repeat","background-position":"center center","background-size":"auto","background-attachment":"scroll","background-type":"","background-media":"","overlay-type":"","overlay-color":"","overlay-opacity":"","overlay-gradient":""}},"ast-content-background-meta":{"desktop":{"background-color":"var(--ast-global-color-4)","background-image":"","background-repeat":"repeat","background-position":"center center","background-size":"auto","background-attachment":"scroll","background-type":"","background-media":"","overlay-type":"","overlay-color":"","overlay-opacity":"","overlay-gradient":""},"tablet":{"background-color":"var(--ast-global-color-4)","background-image":"","background-repeat":"repeat","background-position":"center center","background-size":"auto","background-attachment":"scroll","background-type":"","background-media":"","overlay-type":"","overlay-color":"","overlay-opacity":"","overlay-gradient":""},"mobile":{"background-color":"var(--ast-global-color-4)","background-image":"","background-repeat":"repeat","background-position":"center center","background-size":"auto","background-attachment":"scroll","background-type":"","background-media":"","overlay-type":"","overlay-color":"","overlay-opacity":"","overlay-gradient":""}},"footnotes":""},"class_list":["post-142","page","type-page","status-publish","hentry"],"uagb_featured_image_src":{"full":false,"thumbnail":false,"medium":false,"medium_large":false,"large":false,"1536x1536":false,"2048x2048":false},"uagb_author_info":{"display_name":"Jean-S\u00e9bastien BOURDON","author_link":"https:\/\/www.laleude.fr\/index.php\/author\/bourdon\/"},"uagb_comment_info":0,"uagb_excerpt":"Contact &amp; demandes de disponibilit\u00e9 Une question, une demande de disponibilit\u00e9 ou un projet de s\u00e9jour ?Th\u00e9r\u00e8se vous r\u00e9pond avec [&hellip;]","_links":{"self":[{"href":"https:\/\/www.laleude.fr\/index.php\/wp-json\/wp\/v2\/pages\/142","targetHints":{"allow":["GET"]}}],"collection":[{"href":"https:\/\/www.laleude.fr\/index.php\/wp-json\/wp\/v2\/pages"}],"about":[{"href":"https:\/\/www.laleude.fr\/index.php\/wp-json\/wp\/v2\/types\/page"}],"author":[{"embeddable":true,"href":"https:\/\/www.laleude.fr\/index.php\/wp-json\/wp\/v2\/users\/2"}],"replies":[{"embeddable":true,"href":"https:\/\/www.laleude.fr\/index.php\/wp-json\/wp\/v2\/comments?post=142"}],"version-history":[{"count":24,"href":"https:\/\/www.laleude.fr\/index.php\/wp-json\/wp\/v2\/pages\/142\/revisions"}],"predecessor-version":[{"id":295,"href":"https:\/\/www.laleude.fr\/index.php\/wp-json\/wp\/v2\/pages\/142\/revisions\/295"}],"wp:attachment":[{"href":"https:\/\/www.laleude.fr\/index.php\/wp-json\/wp\/v2\/media?parent=142"}],"curies":[{"name":"wp","href":"https:\/\/api.w.org\/{rel}","templated":true}]}}